{"id":3,"date":"2007-07-25T22:44:33","date_gmt":"2007-07-25T21:44:33","guid":{"rendered":"http:\/\/aliens-project.de\/blog\/?page_id=3"},"modified":"2018-05-24T21:45:16","modified_gmt":"2018-05-24T20:45:16","slug":"nutzungsbedingungen","status":"publish","type":"page","link":"https:\/\/aliens-project.de\/blog\/nutzungsbedingungen\/","title":{"rendered":"Impressum"},"content":{"rendered":"<p>Nutzungsbedingungen<\/p>\n<p><strong>IMPRESSUM<\/strong><br \/>\nBetreiber dieser Homepage:<\/p>\n<p><strong>Bernd-Michael Land<\/strong><br \/>\nKlangkunst \u2013 Musik \u2013 Sounddesign<br \/>\nAm Feldkreuz 7<\/p>\n<p>D-63110 Rodgau-Hainhausen<br \/>\nGermany<\/p>\n<p>Telefon: 06106 \/ 7700466<br \/>\nMobil: 0171-6506156<br \/>\nAchtung!<br \/>\nVom 26.04. bis 08.05.2018 ist nur eine die provisorische Mobilnummer erreichbar: 0178-4470827<br \/>\neMail: synxxs \u00c4T aol PUNKT com<\/p>\n<p>Steuernummer: 44 840 32816<br \/>\n(FA Offenbach am Main)<\/p>\n<p>NUTZUNGSBEDINGUNGEN<br \/>\nDie Benutzung dieser Website geschieht auf eigene Gefahr.<br \/>\nMit dem Zugriff auf diese Website, werden die<br \/>\nBedingungen ohne Einschr\u00e4nkungen vom Nutzer akzeptiert.<br \/>\nSollte das Material, die Website, diese Bedingungen oder<br \/>\nandere Richtlinien widerstreben, ist die Website unverz\u00fcglich<br \/>\nzu verlassen.<br \/>\nDer Betreiber beh\u00e4lt sich vor, die Nutzungsbedingungen<br \/>\njederzeit zu \u00e4ndern. Der Nutzer ist dazu angehalten,<br \/>\nsich regelm\u00e4ssig \u00fcber \u00c4nderungen eigenst\u00e4ndig zu informieren.<\/p>\n<p>HAFTUNGSAUSSCHLUSS<br \/>\nDer Betreiber haftet nicht f\u00fcr unmittelbare Sch\u00e4den,<br \/>\n&#8211; die aus einem nicht ordnungsgem\u00e4\u00dfen Betrieb entstehen,<br \/>\n&#8211; eventuelle Sch\u00e4den, die aus dem Besuch externer<br \/>\nInhalte entstehen,<br \/>\n&#8211; Leistungsst\u00f6rungen im Zusammenhang mit Leistungen, die<br \/>\nals Fremdleistung lediglich vermittelt werden,<br \/>\n&#8211; fehlerhafte Daten in den Datenbanken,<br \/>\n&#8211; mittelbare Sch\u00e4den jeder Art oder entgangenen Gewinn.<\/p>\n<p>COPYRIGHT<br \/>\nS\u00e4mtliche Grafiken, Bilder und Inhalte sind urheberrechtlich<br \/>\ngesch\u00fctzt und das alleinige pers\u00f6nliche Eigentum des Betreibers.<br \/>\nDie Vervielf\u00e4ltigung, einschlie\u00dflich Speicherung und Nutzung auf<br \/>\nDatentr\u00e4gern jeder Art, ist nur mit einer ausdr\u00fccklichen<br \/>\nschriftlichen Zustimmung gestattet.<br \/>\nDie ganze oder teilweise Verwertung der Inhalte inklusive der<br \/>\nEinspeisung in Online-Dienste durch unberechtigte Dritte ist<br \/>\nhiermit strengstens untersagt.<br \/>\nBei unerlaubter Aneignung oder Kopie dieser Inhalte durch<br \/>\nDritte behalten wir uns eine Vertragstrafe von mindestenes<br \/>\nEUR 25.000,- vor.<br \/>\nAusgenommen hiervon sind die zum kostenlosen Download<br \/>\nangebotenen lizenzfreien Dateien, wie z. B. Soundbeispiele<br \/>\nund Samples, die auch als solche ausdr\u00fccklich gekennzeichnet<br \/>\nsind.<\/p>\n<p>LINKS<br \/>\nDie Website enth\u00e4lt Links zu Webseiten Dritter.<br \/>\nDiese Links werden rein zum gef\u00e4lligen Gebrauch zur<br \/>\nVerf\u00fcgung gestellt und stellen keine Billigung des Inhalts<br \/>\nauf diesen genannten Seiten dar.<br \/>\nWir m\u00f6chten ausdr\u00fccklich hervorheben, da\u00df wir keinerlei<br \/>\nEinflu\u00df auf die Gestaltung und Inhalte dieser Zielseiten haben.<br \/>\nDeshalb distanzieren wir uns ausdr\u00fccklich von s\u00e4mtlichen<br \/>\nInhalten auf diesen Seiten.<br \/>\nDie Erkl\u00e4rung gilt f\u00fcr alle auf unserer Site angebrachten Links.<br \/>\nWer sich f\u00fcr einen Zugriff auf diese Links zu den genannten<br \/>\nWebseiten entscheidet, tut dies auf eigene Verantwortung.<\/p>\n<p>G\u00c4STEBUCH<br \/>\nDer Nutzer dieser Website ist verpflichtet, keine strafbaren,<br \/>\njugendgef\u00e4hrdenden oder sonstwie rechtswidrigen, insbesondere<br \/>\npornografischen, gewaltverherrlichenden oder Pers\u00f6nlichkeitsrechte<br \/>\nverletzenden Inhalte \u00fcber das G\u00e4stebuch zu verbreiten,<br \/>\nanzubieten oder zug\u00e4nglich zu machen.<br \/>\nBeitr\u00e4ge dieser Art werden aus dem System entfernt.<br \/>\nDie eingetragenen eMail-Adressen d\u00fcrfen keinesfalls f\u00fcr<br \/>\nkommerzielle Zwecke genutzt werden, sie d\u00fcrfen desweiteren<br \/>\nauch nicht in irgendeiner Form gespeichert werden.<br \/>\nDie kommerzielle Nutzung ist unter Androhung rechtlicher<br \/>\nSchritte und der Zahlung einer Vertragsstrafe untersagt.<\/p>\n<p>Spam und Werbung innerhalb des G\u00e4stebuchs ist unerw\u00fcnscht,<br \/>\ndas Entfernen wird vom Betreiber in Rechnung gestellt.<br \/>\nUnaufgefordert an uns adressierte Werbung, Spam, usw.<br \/>\nist nicht gestattet.<br \/>\nDies gilt auch f\u00fcr s\u00e4mtliche eMail- Adressen unserer G\u00e4ste, oder<br \/>\ndie auf verlinkten Seiten plazierten eMail-Adressen.<br \/>\nBei Versto\u00df erlauben wir uns zivil- und strafrechtliche Schritte vor,<br \/>\ndie eventuell dabei anfallenden Kosten einer Rechtsberatung<br \/>\nsind vom Absender der eMail zu tragen.<\/p>\n<p>Copyright \u00a9 2014 Bernd-Michael Land (Aliens-Project)<br \/>\nAlle Rechte vorbehalten.<\/p>\n<p>Gerichtstand ist das Amtsgericht Seligenstadt.<\/p>\n<p><a href=\"javascript:window.close()\">schlie\u00dfen<\/a><\/p>\n","protected":false},"excerpt":{"rendered":"<p>Nutzungsbedingungen IMPRESSUM Betreiber dieser Homepage: Bernd-Michael Land Klangkunst \u2013 Musik \u2013 Sounddesign Am Feldkreuz 7 D-63110 Rodgau-Hainhausen Germany Telefon: 06106 \/ 7700466 Mobil: 0171-6506156 Achtung! Vom 26.04. bis 08.05.2018 ist nur eine die provisorische Mobilnummer erreichbar: 0178-4470827 eMail: synxxs \u00c4T aol PUNKT com Steuernummer: 44 840 32816 (FA Offenbach am Main) NUTZUNGSBEDINGUNGEN Die Benutzung dieser [&hellip;]<\/p>\n","protected":false},"author":2,"featured_media":0,"parent":0,"menu_order":1,"comment_status":"open","ping_status":"closed","template":"","meta":{"jetpack_post_was_ever_published":false,"footnotes":""},"class_list":["post-3","page","type-page","status-publish","hentry"],"jetpack_shortlink":"https:\/\/wp.me\/P32c1I-3","jetpack_sharing_enabled":true,"jetpack_likes_enabled":true,"jetpack-related-posts":[],"_links":{"self":[{"href":"https:\/\/aliens-project.de\/blog\/wp-json\/wp\/v2\/pages\/3","targetHints":{"allow":["GET"]}}],"collection":[{"href":"https:\/\/aliens-project.de\/blog\/wp-json\/wp\/v2\/pages"}],"about":[{"href":"https:\/\/aliens-project.de\/blog\/wp-json\/wp\/v2\/types\/page"}],"author":[{"embeddable":true,"href":"https:\/\/aliens-project.de\/blog\/wp-json\/wp\/v2\/users\/2"}],"replies":[{"embeddable":true,"href":"https:\/\/aliens-project.de\/blog\/wp-json\/wp\/v2\/comments?post=3"}],"version-history":[{"count":11,"href":"https:\/\/aliens-project.de\/blog\/wp-json\/wp\/v2\/pages\/3\/revisions"}],"predecessor-version":[{"id":36203,"href":"https:\/\/aliens-project.de\/blog\/wp-json\/wp\/v2\/pages\/3\/revisions\/36203"}],"wp:attachment":[{"href":"https:\/\/aliens-project.de\/blog\/wp-json\/wp\/v2\/media?parent=3"}],"curies":[{"name":"wp","href":"https:\/\/api.w.org\/{rel}","templated":true}]}}