{"id":23538,"date":"2014-02-01T11:25:41","date_gmt":"2014-02-01T10:25:41","guid":{"rendered":"http:\/\/aliens-project.de\/blog\/?page_id=23538"},"modified":"2016-06-17T10:40:40","modified_gmt":"2016-06-17T09:40:40","slug":"booking-stagerider","status":"publish","type":"page","link":"https:\/\/aliens-project.de\/blog\/booking-stagerider\/","title":{"rendered":"Booking \/ Stagerider"},"content":{"rendered":"<p><strong>Booking- \/ Konzertanfragen<\/strong> f\u00fcr <strong>Bernd-Michael Land \/ Aliens-Project \/ Skalien \/ EK-Lounge<\/strong><br \/>\nbitte per E-Mail an: synxxs&#8220;\u00c4T&#8220;aol.com<br \/>\noder auch gerne per Telefon: 0 171 &#8211; 65 06 156<\/p>\n<p><a href=\"http:\/\/bernd-michael-land.com\/wp-content\/uploads\/2011\/04\/Bernie-live.jpg\"><img loading=\"lazy\" decoding=\"async\" class=\"alignnone wp-image-179\" title=\"Bernie-live\" src=\"http:\/\/bernd-michael-land.com\/wp-content\/uploads\/2011\/04\/Bernie-live.jpg\" alt=\"\" width=\"680\" height=\"454\" \/><\/a><\/p>\n<p><strong>Stagerider \/ Technical Rider &#8211; Informationen f\u00fcr Veranstalter<\/strong><\/p>\n<p><strong>B\u00fchne:<\/strong><br \/>\nDie B\u00fchne sollte ein Mindestma\u00df von ca. 3,00 breit x 2,00 m tief aufweisen, darunter wird es ziemlich eng.<\/p>\n<p>Im Zweifelsfall bitte eine kleine Skizze mit den Ma\u00dfen von dem B\u00fchnenbereich anfertigen und einreichen, wir pr\u00fcfen dann gerne, in wie weit die Stellfl\u00e4che ausreichend ist.<br \/>\nDie B\u00fchnenh\u00f6he bis zur Podestfl\u00e4che sollte zwischen 0,5m und 1,5m (Idealma\u00df) hoch sein und mu\u00df den g\u00e4ngigen Sicherheitsvorschriften entsprechen.<\/p>\n<p><img loading=\"lazy\" decoding=\"async\" data-attachment-id=\"32237\" data-permalink=\"https:\/\/aliens-project.de\/blog\/booking-stagerider\/stagerider-land\/\" data-orig-file=\"https:\/\/aliens-project.de\/blog\/wp-content\/uploads\/2014\/02\/Stagerider-Land.jpg\" data-orig-size=\"1417,1495\" data-comments-opened=\"1\" data-image-meta=\"{&quot;aperture&quot;:&quot;0&quot;,&quot;credit&quot;:&quot;&quot;,&quot;camera&quot;:&quot;&quot;,&quot;caption&quot;:&quot;&quot;,&quot;created_timestamp&quot;:&quot;0&quot;,&quot;copyright&quot;:&quot;&quot;,&quot;focal_length&quot;:&quot;0&quot;,&quot;iso&quot;:&quot;0&quot;,&quot;shutter_speed&quot;:&quot;0&quot;,&quot;title&quot;:&quot;&quot;,&quot;orientation&quot;:&quot;0&quot;}\" data-image-title=\"Stagerider Land\" data-image-description=\"\" data-image-caption=\"\" data-large-file=\"https:\/\/aliens-project.de\/blog\/wp-content\/uploads\/2014\/02\/Stagerider-Land-971x1024.jpg\" class=\"alignleft wp-image-32237\" src=\"https:\/\/aliens-project.de\/blog\/wp-content\/uploads\/2014\/02\/Stagerider-Land.jpg\" alt=\"Stagerider Land\" width=\"800\" height=\"844\" srcset=\"https:\/\/aliens-project.de\/blog\/wp-content\/uploads\/2014\/02\/Stagerider-Land.jpg 1417w, https:\/\/aliens-project.de\/blog\/wp-content\/uploads\/2014\/02\/Stagerider-Land-569x600.jpg 569w, https:\/\/aliens-project.de\/blog\/wp-content\/uploads\/2014\/02\/Stagerider-Land-768x810.jpg 768w, https:\/\/aliens-project.de\/blog\/wp-content\/uploads\/2014\/02\/Stagerider-Land-971x1024.jpg 971w\" sizes=\"auto, (max-width: 800px) 100vw, 800px\" \/><\/p>\n<p>Falls es die R\u00e4umlichkeiten nicht zulassen, ist nat\u00fcrlich auch ein ebenerdiger Aufbau ebenso m\u00f6glich.<br \/>\nDer Bereich sollte halbwegs eben, sauber (besenrein) und frei von Dekoration sein.<\/p>\n<p>Wichtig: Die B\u00fchne ist vom Veranstalter f\u00fcr Unbefugte unzug\u00e4nglich zu machen, um die Diebstahl-Sicherheit des technischen Equipments zu gew\u00e4hrleisten.<\/p>\n<p>Im Zweifelsfall einfach nachfragen, alle Einzelheiten k\u00f6nnen im Vorfeld abgesprochen werden.<\/p>\n<p><a href=\"https:\/\/aliens-project.de\/blog\/booking-stagerider\/endzeit-mainz-56-2\/\" rel=\"attachment wp-att-23554\"><img loading=\"lazy\" decoding=\"async\" class=\"\" src=\"https:\/\/aliens-project.de\/blog\/wp-content\/uploads\/2014\/02\/Endzeit-Mainz-56.jpg\" alt=\"Endzeit Mainz 56\" width=\"680\" height=\"453\" \/><\/a><\/p>\n<p><strong>Ausstattung:<\/strong><br \/>\nEigene St\u00e4nder sind in ausreichender Menge vorhanden und werden mitgebracht.<\/p>\n<p>Bei quadrophonischen Konzerten wird \u00a0gerne<span style=\"line-height: 1.5em;\">\u00a0auch ein vorhandener Tisch 1,00 x 2,00 m (B\u00fcTec , Kleu, Schnakenberg, o. \u00e4.) auf der B\u00fchne genutzt, dieser muss aber nicht zwingend sein.<\/span><span style=\"line-height: 1.5em;\">\u00a0<\/span><\/p>\n<p><strong>Stromversorgung:<\/strong><br \/>\n220 Volt\/50Hz Stromanschlu\u00df in unmittelbarer N\u00e4he der B\u00fchne.<br \/>\nAchtung: Bei quadrophonischen Konzerten wird auch in den jeweiligen Raumecken ein 220 V Netzanschlu\u00df f\u00fcr die Aktivboxen ben\u00f6tigt.<\/p>\n<p><strong>Audio \/ PA <\/strong><br \/>\nDer Audio-Anschluss von meinem Mixer verf\u00fcgt \u00fcber 2 St\u00fcck Mono-Klinkenausg\u00e4nge und 2 St\u00fcck XLR-Anschl\u00fcsse. Die Kabel vom Stagemixer zum DJ-Pult oder direkt zur PA sollten vorhanden sein. Falls DI-Stageboxen ben\u00f6tigt werden, sind diese ebenso vom Veranstalter zu stellen. Eine dem Raum angemessene, professionelle PA-Anlage, mit ausreichend Headroom, sollte vorhanden sein. Im Zweifelsfalle kann eine eigene PA (1700W) mitgebracht werden.<br \/>\nBei quadrophonischen Konzerten erfolgt der technische Ablauf nach Absprache, eine kleine 4-Kanal PA-Anlage (4x 120W) ist vorhanden und reicht f\u00fcr kleinere Locations bis maximal 20 x 20 m noch gut aus.<\/p>\n<p><strong>Licht<\/strong><br \/>\nEs w\u00e4re sch\u00f6n, eine den B\u00fchnenverh\u00e4ltnissen entsprechende Anlage vorzufinden. Ideal w\u00e4re ein \u00fcblicher Beamer und eine entsprechende Beamfl\u00e4che, z. B. auf der B\u00fchnenr\u00fcckseite.<\/p>\n<p>Sonstiges<br \/>\nDer Abbau erfolgt unmittelbar nach Ende der Veranstaltung.<br \/>\nGrunds\u00e4tzlich gilt, das man die perfekten Verh\u00e4ltnisse eigentlich kaum vorfindet, aber irgendwie haben wir das bisher immer sauber hinbekommen.<br \/>\nAlso, nur Mut!<\/p>\n<p><a href=\"https:\/\/aliens-project.de\/blog\/booking-stagerider\/endzeit-mainz-53-2\/\" rel=\"attachment wp-att-23552\"><img loading=\"lazy\" decoding=\"async\" data-attachment-id=\"23552\" data-permalink=\"https:\/\/aliens-project.de\/blog\/booking-stagerider\/endzeit-mainz-53-2\/\" data-orig-file=\"https:\/\/aliens-project.de\/blog\/wp-content\/uploads\/2014\/02\/Endzeit-Mainz-53.jpg\" data-orig-size=\"1134,756\" data-comments-opened=\"1\" data-image-meta=\"{&quot;aperture&quot;:&quot;5&quot;,&quot;credit&quot;:&quot;Dr. Stefan Trippler&quot;,&quot;camera&quot;:&quot;Canon EOS 50D&quot;,&quot;caption&quot;:&quot;&quot;,&quot;created_timestamp&quot;:&quot;1354740699&quot;,&quot;copyright&quot;:&quot;Copyright: Dr. Stefan Trippler&quot;,&quot;focal_length&quot;:&quot;8&quot;,&quot;iso&quot;:&quot;3200&quot;,&quot;shutter_speed&quot;:&quot;0.008&quot;,&quot;title&quot;:&quot;&quot;}\" data-image-title=\"Endzeit Mainz 53\" data-image-description=\"\" data-image-caption=\"\" data-large-file=\"https:\/\/aliens-project.de\/blog\/wp-content\/uploads\/2014\/02\/Endzeit-Mainz-53-1024x682.jpg\" class=\"alignleft wp-image-23552\" src=\"https:\/\/aliens-project.de\/blog\/wp-content\/uploads\/2014\/02\/Endzeit-Mainz-53.jpg\" alt=\"Endzeit Mainz 53\" width=\"680\" height=\"454\" srcset=\"https:\/\/aliens-project.de\/blog\/wp-content\/uploads\/2014\/02\/Endzeit-Mainz-53.jpg 1134w, https:\/\/aliens-project.de\/blog\/wp-content\/uploads\/2014\/02\/Endzeit-Mainz-53-300x200.jpg 300w, https:\/\/aliens-project.de\/blog\/wp-content\/uploads\/2014\/02\/Endzeit-Mainz-53-1024x682.jpg 1024w\" sizes=\"auto, (max-width: 680px) 100vw, 680px\" \/><\/a><\/p>\n","protected":false},"excerpt":{"rendered":"<p>Booking- \/ Konzertanfragen f\u00fcr Bernd-Michael Land \/ Aliens-Project \/ Skalien \/ EK-Lounge bitte per E-Mail an: synxxs&#8220;\u00c4T&#8220;aol.com oder auch gerne per Telefon: 0 171 &#8211; 65 06 156 Stagerider \/ Technical Rider &#8211; Informationen f\u00fcr Veranstalter B\u00fchne: Die B\u00fchne sollte ein Mindestma\u00df von ca. 3,00 breit x 2,00 m tief aufweisen, darunter wird es ziemlich [&hellip;]<\/p>\n","protected":false},"author":2,"featured_media":0,"parent":0,"menu_order":0,"comment_status":"open","ping_status":"open","template":"","meta":{"jetpack_post_was_ever_published":false,"footnotes":""},"class_list":["post-23538","page","type-page","status-publish","hentry"],"jetpack_shortlink":"https:\/\/wp.me\/P32c1I-67E","jetpack_sharing_enabled":true,"jetpack_likes_enabled":true,"jetpack-related-posts":[],"_links":{"self":[{"href":"https:\/\/aliens-project.de\/blog\/wp-json\/wp\/v2\/pages\/23538","targetHints":{"allow":["GET"]}}],"collection":[{"href":"https:\/\/aliens-project.de\/blog\/wp-json\/wp\/v2\/pages"}],"about":[{"href":"https:\/\/aliens-project.de\/blog\/wp-json\/wp\/v2\/types\/page"}],"author":[{"embeddable":true,"href":"https:\/\/aliens-project.de\/blog\/wp-json\/wp\/v2\/users\/2"}],"replies":[{"embeddable":true,"href":"https:\/\/aliens-project.de\/blog\/wp-json\/wp\/v2\/comments?post=23538"}],"version-history":[{"count":9,"href":"https:\/\/aliens-project.de\/blog\/wp-json\/wp\/v2\/pages\/23538\/revisions"}],"predecessor-version":[{"id":32239,"href":"https:\/\/aliens-project.de\/blog\/wp-json\/wp\/v2\/pages\/23538\/revisions\/32239"}],"wp:attachment":[{"href":"https:\/\/aliens-project.de\/blog\/wp-json\/wp\/v2\/media?parent=23538"}],"curies":[{"name":"wp","href":"https:\/\/api.w.org\/{rel}","templated":true}]}}